{"id":3327,"date":"2020-07-21T16:02:07","date_gmt":"2020-07-21T14:02:07","guid":{"rendered":"https:\/\/metz.giteenville.com\/for-your-confort"},"modified":"2020-07-21T16:02:11","modified_gmt":"2020-07-21T14:02:11","slug":"for-your-confort","status":"publish","type":"page","link":"https:\/\/metz.giteenville.com\/en\/the-cottage-studio-4-peoples\/for-your-confort","title":{"rendered":"For your Confort"},"content":{"rendered":"<div class=\"wpb-content-wrapper\"><p>[vc_row][vc_column][vc_column_text]<\/p>\n<h1 style=\"text-align: center;\"><span style=\"text-decoration: underline;\">For your Confort<\/span><\/h1>\n<p>[\/vc_column_text][\/vc_column][\/vc_row][vc_row][vc_column width=&#8221;1\/3&#8243;][vc_single_image image=&#8221;1824&#8243; img_size=&#8221;large&#8221; alignment=&#8221;center&#8221; style=&#8221;vc_box_rounded&#8221; onclick=&#8221;link_image&#8221; css_animation=&#8221;bounceInLeft&#8221;][vc_separator css=&#8221;.vc_custom_1556267388386{margin-top: 10px !important;margin-bottom: 10px !important;}&#8221;][vc_single_image image=&#8221;3101&#8243; img_size=&#8221;large&#8221; alignment=&#8221;center&#8221; style=&#8221;vc_box_rounded&#8221; onclick=&#8221;link_image&#8221; css_animation=&#8221;bounceInLeft&#8221;][vc_separator css=&#8221;.vc_custom_1556267388386{margin-top: 10px !important;margin-bottom: 10px !important;}&#8221;][vc_single_image image=&#8221;3093&#8243; img_size=&#8221;large&#8221; alignment=&#8221;center&#8221; style=&#8221;vc_box_rounded&#8221; onclick=&#8221;link_image&#8221; css_animation=&#8221;bounceInLeft&#8221;][\/vc_column][vc_column width=&#8221;1\/3&#8243;][vc_column_text]<\/p>\n<ul>\n<li>Free Internet<\/li>\n<li>Linge de lit, de toilette et de maison fournis&nbsp;<\/li>\n<li>Volets \u00e9lectriques&nbsp;<\/li>\n<li>Syst\u00e8me d&#8217;\u00e9clairage (r\u00e9glage intensit\u00e9) dans toutes les chambres&nbsp;<\/li>\n<li>Syst\u00e8me d&#8217;\u00e9clairage automatique d\u00e8s qu&#8217;on entre dans la maison<\/li>\n<li>Power plate, tapis roulant et sauna 2 pers au RDC de la maison et pour vous&nbsp;reposer dans le jardin (transats, hamac)<\/li>\n<li>Places de parking &nbsp;ext\u00e9rieurs sur la propri\u00e9t\u00e9 close (cam\u00e9ras de s\u00e9curit\u00e9)<\/li>\n<li>Acc\u00e8s \u00e0 la buanderie (lave-linge, s\u00e8che-linge)sur demande<\/li>\n<li>Pour les b\u00e9b\u00e9s &nbsp;: r\u00e9hausseur, lit parapluie (draps et couette)&nbsp;<\/li>\n<li>Documentations touristiques au RDC&nbsp;<\/li>\n<li>Biblioth\u00e8que dans le gite et jeux de soci\u00e9t\u00e9 disponibles<\/li>\n<\/ul>\n<p>[\/vc_column_text][\/vc_column][vc_column width=&#8221;1\/3&#8243;][vc_single_image image=&#8221;3097&#8243; img_size=&#8221;large&#8221; alignment=&#8221;center&#8221; style=&#8221;vc_box_rounded&#8221; onclick=&#8221;link_image&#8221; css_animation=&#8221;bounceInLeft&#8221;][vc_separator css=&#8221;.vc_custom_1556267394753{margin-top: 10px !important;margin-bottom: 10px !important;}&#8221;][vc_single_image image=&#8221;1545&#8243; img_size=&#8221;large&#8221; alignment=&#8221;center&#8221; style=&#8221;vc_box_rounded&#8221; onclick=&#8221;link_image&#8221; css_animation=&#8221;bounceInRight&#8221;][vc_separator css=&#8221;.vc_custom_1556267394753{margin-top: 10px !important;margin-bottom: 10px !important;}&#8221;][vc_single_image image=&#8221;3108&#8243; img_size=&#8221;large&#8221; alignment=&#8221;center&#8221; style=&#8221;vc_box_rounded&#8221; onclick=&#8221;link_image&#8221; css_animation=&#8221;bounceInRight&#8221;][\/vc_column][\/vc_row]<\/p>\n<\/div>","protected":false},"excerpt":{"rendered":"<p>[vc_row][vc_column][vc_column_text] For your Confort [\/vc_column_text][\/vc_column][\/vc_row][vc_row][vc_column width=&#8221;1\/3&#8243;][vc_single_image image=&#8221;1824&#8243; img_size=&#8221;large&#8221; alignment=&#8221;center&#8221; style=&#8221;vc_box_rounded&#8221; onclick=&#8221;link_image&#8221; css_animation=&#8221;bounceInLeft&#8221;][vc_separator css=&#8221;.vc_custom_1556267388386{margin-top: 10px !important;margin-bottom: 10px !important;}&#8221;][vc_single_image image=&#8221;3101&#8243; img_size=&#8221;large&#8221; alignment=&#8221;center&#8221; style=&#8221;vc_box_rounded&#8221; onclick=&#8221;link_image&#8221; css_animation=&#8221;bounceInLeft&#8221;][vc_separator css=&#8221;.vc_custom_1556267388386{margin-top: 10px !important;margin-bottom: 10px !important;}&#8221;][vc_single_image image=&#8221;3093&#8243; img_size=&#8221;large&#8221; alignment=&#8221;center&#8221; style=&#8221;vc_box_rounded&#8221; onclick=&#8221;link_image&#8221; css_animation=&#8221;bounceInLeft&#8221;][\/vc_column][vc_column width=&#8221;1\/3&#8243;][vc_column_text] Free Internet Linge de lit, de toilette et de maison fournis&nbsp; Volets \u00e9lectriques&nbsp; Syst\u00e8me d&#8217;\u00e9clairage (r\u00e9glage intensit\u00e9) dans toutes les &#8230;<\/p>\n","protected":false},"author":1,"featured_media":0,"parent":3406,"menu_order":0,"comment_status":"closed","ping_status":"closed","template":"","meta":{"ngg_post_thumbnail":0,"footnotes":""},"class_list":["post-3327","page","type-page","status-publish","hentry"],"yoast_head":"<!-- This site is optimized with the Yoast SEO plugin v26.9 - https:\/\/yoast.com\/product\/yoast-seo-wordpress\/ -->\n<title>For your Confort - Gites \/ Meubl\u00e9s de tourisme 4 \u00e9toiles \u00e0 Metz - Chemin des Vignerons - Grand Est Lorraine Moselle<\/title>\n<meta name=\"robots\" content=\"index, follow, max-snippet:-1, max-image-preview:large, max-video-preview:-1\" \/>\n<link rel=\"canonical\" href=\"https:\/\/metz.giteenville.com\/en\/the-cottage-studio-4-peoples\/for-your-confort\" \/>\n<meta property=\"og:locale\" content=\"en_US\" \/>\n<meta property=\"og:type\" content=\"article\" \/>\n<meta property=\"og:title\" content=\"For your Confort - Gites \/ Meubl\u00e9s de tourisme 4 \u00e9toiles \u00e0 Metz - Chemin des Vignerons - Grand Est Lorraine Moselle\" \/>\n<meta property=\"og:description\" content=\"[vc_row][vc_column][vc_column_text] For your Confort [\/vc_column_text][\/vc_column][\/vc_row][vc_row][vc_column width=&#8221;1\/3&#8243;][vc_single_image image=&#8221;1824&#8243; img_size=&#8221;large&#8221; alignment=&#8221;center&#8221; style=&#8221;vc_box_rounded&#8221; onclick=&#8221;link_image&#8221; css_animation=&#8221;bounceInLeft&#8221;][vc_separator css=&#8221;.vc_custom_1556267388386{margin-top: 10px !important;margin-bottom: 10px !important;}&#8221;][vc_single_image image=&#8221;3101&#8243; img_size=&#8221;large&#8221; alignment=&#8221;center&#8221; style=&#8221;vc_box_rounded&#8221; onclick=&#8221;link_image&#8221; css_animation=&#8221;bounceInLeft&#8221;][vc_separator css=&#8221;.vc_custom_1556267388386{margin-top: 10px !important;margin-bottom: 10px !important;}&#8221;][vc_single_image image=&#8221;3093&#8243; img_size=&#8221;large&#8221; alignment=&#8221;center&#8221; style=&#8221;vc_box_rounded&#8221; onclick=&#8221;link_image&#8221; css_animation=&#8221;bounceInLeft&#8221;][\/vc_column][vc_column width=&#8221;1\/3&#8243;][vc_column_text] Free Internet Linge de lit, de toilette et de maison fournis&nbsp; Volets \u00e9lectriques&nbsp; Syst\u00e8me d&#8217;\u00e9clairage (r\u00e9glage intensit\u00e9) dans toutes les ...\" \/>\n<meta property=\"og:url\" content=\"https:\/\/metz.giteenville.com\/en\/the-cottage-studio-4-peoples\/for-your-confort\" \/>\n<meta property=\"og:site_name\" content=\"Gites \/ Meubl\u00e9s de tourisme 4 \u00e9toiles \u00e0 Metz - Chemin des Vignerons - Grand Est Lorraine Moselle\" \/>\n<meta property=\"article:modified_time\" content=\"2020-07-21T14:02:11+00:00\" \/>\n<meta name=\"twitter:card\" content=\"summary_large_image\" \/>\n<meta name=\"twitter:label1\" content=\"Est. reading time\" \/>\n\t<meta name=\"twitter:data1\" content=\"2 minutes\" \/>\n<script type=\"application\/ld+json\" class=\"yoast-schema-graph\">{\"@context\":\"https:\/\/schema.org\",\"@graph\":[{\"@type\":\"WebPage\",\"@id\":\"https:\/\/metz.giteenville.com\/en\/the-cottage-studio-4-peoples\/for-your-confort\",\"url\":\"https:\/\/metz.giteenville.com\/en\/the-cottage-studio-4-peoples\/for-your-confort\",\"name\":\"For your Confort - Gites \/ Meubl\u00e9s de tourisme 4 \u00e9toiles \u00e0 Metz - Chemin des Vignerons - Grand Est Lorraine Moselle\",\"isPartOf\":{\"@id\":\"https:\/\/metz.giteenville.com\/#website\"},\"datePublished\":\"2020-07-21T14:02:07+00:00\",\"dateModified\":\"2020-07-21T14:02:11+00:00\",\"breadcrumb\":{\"@id\":\"https:\/\/metz.giteenville.com\/en\/the-cottage-studio-4-peoples\/for-your-confort#breadcrumb\"},\"inLanguage\":\"en-US\",\"potentialAction\":[{\"@type\":\"ReadAction\",\"target\":[\"https:\/\/metz.giteenville.com\/en\/the-cottage-studio-4-peoples\/for-your-confort\"]}]},{\"@type\":\"BreadcrumbList\",\"@id\":\"https:\/\/metz.giteenville.com\/en\/the-cottage-studio-4-peoples\/for-your-confort#breadcrumb\",\"itemListElement\":[{\"@type\":\"ListItem\",\"position\":1,\"name\":\"Accueil\",\"item\":\"https:\/\/metz.giteenville.com\/en\"},{\"@type\":\"ListItem\",\"position\":2,\"name\":\"The Cottage \/ Studio 4 Peoples\",\"item\":\"https:\/\/metz.giteenville.com\/en\/the-cottage-studio-4-peoples\"},{\"@type\":\"ListItem\",\"position\":3,\"name\":\"For your Confort\"}]},{\"@type\":\"WebSite\",\"@id\":\"https:\/\/metz.giteenville.com\/#website\",\"url\":\"https:\/\/metz.giteenville.com\/\",\"name\":\"Gites \/ Meubl\u00e9s de tourisme 4 \u00e9toiles \u00e0 Metz - Chemin des Vignerons - Grand Est Lorraine Moselle\",\"description\":\"Studio et appartement jusqu&#039;\u00e0 12 personnes\",\"publisher\":{\"@id\":\"https:\/\/metz.giteenville.com\/#organization\"},\"potentialAction\":[{\"@type\":\"SearchAction\",\"target\":{\"@type\":\"EntryPoint\",\"urlTemplate\":\"https:\/\/metz.giteenville.com\/?s={search_term_string}\"},\"query-input\":{\"@type\":\"PropertyValueSpecification\",\"valueRequired\":true,\"valueName\":\"search_term_string\"}}],\"inLanguage\":\"en-US\"},{\"@type\":\"Organization\",\"@id\":\"https:\/\/metz.giteenville.com\/#organization\",\"name\":\"Gite en Ville\",\"url\":\"https:\/\/metz.giteenville.com\/\",\"logo\":{\"@type\":\"ImageObject\",\"inLanguage\":\"en-US\",\"@id\":\"https:\/\/metz.giteenville.com\/#\/schema\/logo\/image\/\",\"url\":\"https:\/\/metz.giteenville.com\/wp-content\/uploads\/2025\/05\/2025_05_07_15_09_53_405_314285.png\",\"contentUrl\":\"https:\/\/metz.giteenville.com\/wp-content\/uploads\/2025\/05\/2025_05_07_15_09_53_405_314285.png\",\"width\":896,\"height\":710,\"caption\":\"Gite en Ville\"},\"image\":{\"@id\":\"https:\/\/metz.giteenville.com\/#\/schema\/logo\/image\/\"}}]}<\/script>\n<!-- \/ Yoast SEO plugin. -->","yoast_head_json":{"title":"For your Confort - Gites \/ Meubl\u00e9s de tourisme 4 \u00e9toiles \u00e0 Metz - Chemin des Vignerons - Grand Est Lorraine Moselle","robots":{"index":"index","follow":"follow","max-snippet":"max-snippet:-1","max-image-preview":"max-image-preview:large","max-video-preview":"max-video-preview:-1"},"canonical":"https:\/\/metz.giteenville.com\/en\/the-cottage-studio-4-peoples\/for-your-confort","og_locale":"en_US","og_type":"article","og_title":"For your Confort - Gites \/ Meubl\u00e9s de tourisme 4 \u00e9toiles \u00e0 Metz - Chemin des Vignerons - Grand Est Lorraine Moselle","og_description":"[vc_row][vc_column][vc_column_text] For your Confort [\/vc_column_text][\/vc_column][\/vc_row][vc_row][vc_column width=&#8221;1\/3&#8243;][vc_single_image image=&#8221;1824&#8243; img_size=&#8221;large&#8221; alignment=&#8221;center&#8221; style=&#8221;vc_box_rounded&#8221; onclick=&#8221;link_image&#8221; css_animation=&#8221;bounceInLeft&#8221;][vc_separator css=&#8221;.vc_custom_1556267388386{margin-top: 10px !important;margin-bottom: 10px !important;}&#8221;][vc_single_image image=&#8221;3101&#8243; img_size=&#8221;large&#8221; alignment=&#8221;center&#8221; style=&#8221;vc_box_rounded&#8221; onclick=&#8221;link_image&#8221; css_animation=&#8221;bounceInLeft&#8221;][vc_separator css=&#8221;.vc_custom_1556267388386{margin-top: 10px !important;margin-bottom: 10px !important;}&#8221;][vc_single_image image=&#8221;3093&#8243; img_size=&#8221;large&#8221; alignment=&#8221;center&#8221; style=&#8221;vc_box_rounded&#8221; onclick=&#8221;link_image&#8221; css_animation=&#8221;bounceInLeft&#8221;][\/vc_column][vc_column width=&#8221;1\/3&#8243;][vc_column_text] Free Internet Linge de lit, de toilette et de maison fournis&nbsp; Volets \u00e9lectriques&nbsp; Syst\u00e8me d&#8217;\u00e9clairage (r\u00e9glage intensit\u00e9) dans toutes les ...","og_url":"https:\/\/metz.giteenville.com\/en\/the-cottage-studio-4-peoples\/for-your-confort","og_site_name":"Gites \/ Meubl\u00e9s de tourisme 4 \u00e9toiles \u00e0 Metz - Chemin des Vignerons - Grand Est Lorraine Moselle","article_modified_time":"2020-07-21T14:02:11+00:00","twitter_card":"summary_large_image","twitter_misc":{"Est. reading time":"2 minutes"},"schema":{"@context":"https:\/\/schema.org","@graph":[{"@type":"WebPage","@id":"https:\/\/metz.giteenville.com\/en\/the-cottage-studio-4-peoples\/for-your-confort","url":"https:\/\/metz.giteenville.com\/en\/the-cottage-studio-4-peoples\/for-your-confort","name":"For your Confort - Gites \/ Meubl\u00e9s de tourisme 4 \u00e9toiles \u00e0 Metz - Chemin des Vignerons - Grand Est Lorraine Moselle","isPartOf":{"@id":"https:\/\/metz.giteenville.com\/#website"},"datePublished":"2020-07-21T14:02:07+00:00","dateModified":"2020-07-21T14:02:11+00:00","breadcrumb":{"@id":"https:\/\/metz.giteenville.com\/en\/the-cottage-studio-4-peoples\/for-your-confort#breadcrumb"},"inLanguage":"en-US","potentialAction":[{"@type":"ReadAction","target":["https:\/\/metz.giteenville.com\/en\/the-cottage-studio-4-peoples\/for-your-confort"]}]},{"@type":"BreadcrumbList","@id":"https:\/\/metz.giteenville.com\/en\/the-cottage-studio-4-peoples\/for-your-confort#breadcrumb","itemListElement":[{"@type":"ListItem","position":1,"name":"Accueil","item":"https:\/\/metz.giteenville.com\/en"},{"@type":"ListItem","position":2,"name":"The Cottage \/ Studio 4 Peoples","item":"https:\/\/metz.giteenville.com\/en\/the-cottage-studio-4-peoples"},{"@type":"ListItem","position":3,"name":"For your Confort"}]},{"@type":"WebSite","@id":"https:\/\/metz.giteenville.com\/#website","url":"https:\/\/metz.giteenville.com\/","name":"Gites \/ Meubl\u00e9s de tourisme 4 \u00e9toiles \u00e0 Metz - Chemin des Vignerons - Grand Est Lorraine Moselle","description":"Studio et appartement jusqu&#039;\u00e0 12 personnes","publisher":{"@id":"https:\/\/metz.giteenville.com\/#organization"},"potentialAction":[{"@type":"SearchAction","target":{"@type":"EntryPoint","urlTemplate":"https:\/\/metz.giteenville.com\/?s={search_term_string}"},"query-input":{"@type":"PropertyValueSpecification","valueRequired":true,"valueName":"search_term_string"}}],"inLanguage":"en-US"},{"@type":"Organization","@id":"https:\/\/metz.giteenville.com\/#organization","name":"Gite en Ville","url":"https:\/\/metz.giteenville.com\/","logo":{"@type":"ImageObject","inLanguage":"en-US","@id":"https:\/\/metz.giteenville.com\/#\/schema\/logo\/image\/","url":"https:\/\/metz.giteenville.com\/wp-content\/uploads\/2025\/05\/2025_05_07_15_09_53_405_314285.png","contentUrl":"https:\/\/metz.giteenville.com\/wp-content\/uploads\/2025\/05\/2025_05_07_15_09_53_405_314285.png","width":896,"height":710,"caption":"Gite en Ville"},"image":{"@id":"https:\/\/metz.giteenville.com\/#\/schema\/logo\/image\/"}}]}},"_links":{"self":[{"href":"https:\/\/metz.giteenville.com\/en\/wp-json\/wp\/v2\/pages\/3327","targetHints":{"allow":["GET"]}}],"collection":[{"href":"https:\/\/metz.giteenville.com\/en\/wp-json\/wp\/v2\/pages"}],"about":[{"href":"https:\/\/metz.giteenville.com\/en\/wp-json\/wp\/v2\/types\/page"}],"author":[{"embeddable":true,"href":"https:\/\/metz.giteenville.com\/en\/wp-json\/wp\/v2\/users\/1"}],"replies":[{"embeddable":true,"href":"https:\/\/metz.giteenville.com\/en\/wp-json\/wp\/v2\/comments?post=3327"}],"version-history":[{"count":3,"href":"https:\/\/metz.giteenville.com\/en\/wp-json\/wp\/v2\/pages\/3327\/revisions"}],"predecessor-version":[{"id":3330,"href":"https:\/\/metz.giteenville.com\/en\/wp-json\/wp\/v2\/pages\/3327\/revisions\/3330"}],"up":[{"embeddable":true,"href":"https:\/\/metz.giteenville.com\/en\/wp-json\/wp\/v2\/pages\/3406"}],"wp:attachment":[{"href":"https:\/\/metz.giteenville.com\/en\/wp-json\/wp\/v2\/media?parent=3327"}],"curies":[{"name":"wp","href":"https:\/\/api.w.org\/{rel}","templated":true}]}}