{"id":3322,"date":"2020-07-21T15:58:33","date_gmt":"2020-07-21T13:58:33","guid":{"rendered":"https:\/\/metz.giteenville.com\/availability-book-now"},"modified":"2020-07-21T15:58:33","modified_gmt":"2020-07-21T13:58:33","slug":"availability-book-now","status":"publish","type":"page","link":"https:\/\/metz.giteenville.com\/en\/availability-book-now","title":{"rendered":"Availability &#8211; Book Now"},"content":{"rendered":"<p><iframe loading=\"lazy\" style=\"width: 100%; border: none;\" src=\"https:\/\/via.eviivo.com\/en-EN\/mywebsite_EUR\/vignerons57070\" width=\"300\" height=\"3000\" frameborder=\"0\" scrolling=\"yes\"><\/iframe><\/p>\n","protected":false},"excerpt":{"rendered":"","protected":false},"author":1,"featured_media":0,"parent":0,"menu_order":0,"comment_status":"closed","ping_status":"open","template":"","meta":{"ngg_post_thumbnail":0,"footnotes":""},"class_list":["post-3322","page","type-page","status-publish","hentry"],"yoast_head":"<!-- This site is optimized with the Yoast SEO plugin v26.9 - https:\/\/yoast.com\/product\/yoast-seo-wordpress\/ -->\n<title>Availability - Book Now - Gites \/ Meubl\u00e9s de tourisme 4 \u00e9toiles \u00e0 Metz - Chemin des Vignerons - Grand Est Lorraine Moselle<\/title>\n<meta name=\"robots\" content=\"index, follow, max-snippet:-1, max-image-preview:large, max-video-preview:-1\" \/>\n<link rel=\"canonical\" href=\"https:\/\/metz.giteenville.com\/en\/availability-book-now\" \/>\n<meta property=\"og:locale\" content=\"en_US\" \/>\n<meta property=\"og:type\" content=\"article\" \/>\n<meta property=\"og:title\" content=\"Availability - Book Now - Gites \/ Meubl\u00e9s de tourisme 4 \u00e9toiles \u00e0 Metz - Chemin des Vignerons - Grand Est Lorraine Moselle\" \/>\n<meta property=\"og:url\" content=\"https:\/\/metz.giteenville.com\/en\/availability-book-now\" \/>\n<meta property=\"og:site_name\" content=\"Gites \/ Meubl\u00e9s de tourisme 4 \u00e9toiles \u00e0 Metz - Chemin des Vignerons - Grand Est Lorraine Moselle\" \/>\n<meta name=\"twitter:card\" content=\"summary_large_image\" \/>\n<script type=\"application\/ld+json\" class=\"yoast-schema-graph\">{\"@context\":\"https:\/\/schema.org\",\"@graph\":[{\"@type\":\"WebPage\",\"@id\":\"https:\/\/metz.giteenville.com\/en\/availability-book-now\",\"url\":\"https:\/\/metz.giteenville.com\/en\/availability-book-now\",\"name\":\"Availability - Book Now - Gites \/ Meubl\u00e9s de tourisme 4 \u00e9toiles \u00e0 Metz - Chemin des Vignerons - Grand Est Lorraine Moselle\",\"isPartOf\":{\"@id\":\"https:\/\/metz.giteenville.com\/#website\"},\"datePublished\":\"2020-07-21T13:58:33+00:00\",\"breadcrumb\":{\"@id\":\"https:\/\/metz.giteenville.com\/en\/availability-book-now#breadcrumb\"},\"inLanguage\":\"en-US\",\"potentialAction\":[{\"@type\":\"ReadAction\",\"target\":[\"https:\/\/metz.giteenville.com\/en\/availability-book-now\"]}]},{\"@type\":\"BreadcrumbList\",\"@id\":\"https:\/\/metz.giteenville.com\/en\/availability-book-now#breadcrumb\",\"itemListElement\":[{\"@type\":\"ListItem\",\"position\":1,\"name\":\"Accueil\",\"item\":\"https:\/\/metz.giteenville.com\/en\"},{\"@type\":\"ListItem\",\"position\":2,\"name\":\"Availability &#8211; Book Now\"}]},{\"@type\":\"WebSite\",\"@id\":\"https:\/\/metz.giteenville.com\/#website\",\"url\":\"https:\/\/metz.giteenville.com\/\",\"name\":\"Gites \/ Meubl\u00e9s de tourisme 4 \u00e9toiles \u00e0 Metz - Chemin des Vignerons - Grand Est Lorraine Moselle\",\"description\":\"Studio et appartement jusqu&#039;\u00e0 12 personnes\",\"publisher\":{\"@id\":\"https:\/\/metz.giteenville.com\/#organization\"},\"potentialAction\":[{\"@type\":\"SearchAction\",\"target\":{\"@type\":\"EntryPoint\",\"urlTemplate\":\"https:\/\/metz.giteenville.com\/?s={search_term_string}\"},\"query-input\":{\"@type\":\"PropertyValueSpecification\",\"valueRequired\":true,\"valueName\":\"search_term_string\"}}],\"inLanguage\":\"en-US\"},{\"@type\":\"Organization\",\"@id\":\"https:\/\/metz.giteenville.com\/#organization\",\"name\":\"Gite en Ville\",\"url\":\"https:\/\/metz.giteenville.com\/\",\"logo\":{\"@type\":\"ImageObject\",\"inLanguage\":\"en-US\",\"@id\":\"https:\/\/metz.giteenville.com\/#\/schema\/logo\/image\/\",\"url\":\"https:\/\/metz.giteenville.com\/wp-content\/uploads\/2025\/05\/2025_05_07_15_09_53_405_314285.png\",\"contentUrl\":\"https:\/\/metz.giteenville.com\/wp-content\/uploads\/2025\/05\/2025_05_07_15_09_53_405_314285.png\",\"width\":896,\"height\":710,\"caption\":\"Gite en Ville\"},\"image\":{\"@id\":\"https:\/\/metz.giteenville.com\/#\/schema\/logo\/image\/\"}}]}<\/script>\n<!-- \/ Yoast SEO plugin. -->","yoast_head_json":{"title":"Availability - Book Now - Gites \/ Meubl\u00e9s de tourisme 4 \u00e9toiles \u00e0 Metz - Chemin des Vignerons - Grand Est Lorraine Moselle","robots":{"index":"index","follow":"follow","max-snippet":"max-snippet:-1","max-image-preview":"max-image-preview:large","max-video-preview":"max-video-preview:-1"},"canonical":"https:\/\/metz.giteenville.com\/en\/availability-book-now","og_locale":"en_US","og_type":"article","og_title":"Availability - Book Now - Gites \/ Meubl\u00e9s de tourisme 4 \u00e9toiles \u00e0 Metz - Chemin des Vignerons - Grand Est Lorraine Moselle","og_url":"https:\/\/metz.giteenville.com\/en\/availability-book-now","og_site_name":"Gites \/ Meubl\u00e9s de tourisme 4 \u00e9toiles \u00e0 Metz - Chemin des Vignerons - Grand Est Lorraine Moselle","twitter_card":"summary_large_image","schema":{"@context":"https:\/\/schema.org","@graph":[{"@type":"WebPage","@id":"https:\/\/metz.giteenville.com\/en\/availability-book-now","url":"https:\/\/metz.giteenville.com\/en\/availability-book-now","name":"Availability - Book Now - Gites \/ Meubl\u00e9s de tourisme 4 \u00e9toiles \u00e0 Metz - Chemin des Vignerons - Grand Est Lorraine Moselle","isPartOf":{"@id":"https:\/\/metz.giteenville.com\/#website"},"datePublished":"2020-07-21T13:58:33+00:00","breadcrumb":{"@id":"https:\/\/metz.giteenville.com\/en\/availability-book-now#breadcrumb"},"inLanguage":"en-US","potentialAction":[{"@type":"ReadAction","target":["https:\/\/metz.giteenville.com\/en\/availability-book-now"]}]},{"@type":"BreadcrumbList","@id":"https:\/\/metz.giteenville.com\/en\/availability-book-now#breadcrumb","itemListElement":[{"@type":"ListItem","position":1,"name":"Accueil","item":"https:\/\/metz.giteenville.com\/en"},{"@type":"ListItem","position":2,"name":"Availability &#8211; Book Now"}]},{"@type":"WebSite","@id":"https:\/\/metz.giteenville.com\/#website","url":"https:\/\/metz.giteenville.com\/","name":"Gites \/ Meubl\u00e9s de tourisme 4 \u00e9toiles \u00e0 Metz - Chemin des Vignerons - Grand Est Lorraine Moselle","description":"Studio et appartement jusqu&#039;\u00e0 12 personnes","publisher":{"@id":"https:\/\/metz.giteenville.com\/#organization"},"potentialAction":[{"@type":"SearchAction","target":{"@type":"EntryPoint","urlTemplate":"https:\/\/metz.giteenville.com\/?s={search_term_string}"},"query-input":{"@type":"PropertyValueSpecification","valueRequired":true,"valueName":"search_term_string"}}],"inLanguage":"en-US"},{"@type":"Organization","@id":"https:\/\/metz.giteenville.com\/#organization","name":"Gite en Ville","url":"https:\/\/metz.giteenville.com\/","logo":{"@type":"ImageObject","inLanguage":"en-US","@id":"https:\/\/metz.giteenville.com\/#\/schema\/logo\/image\/","url":"https:\/\/metz.giteenville.com\/wp-content\/uploads\/2025\/05\/2025_05_07_15_09_53_405_314285.png","contentUrl":"https:\/\/metz.giteenville.com\/wp-content\/uploads\/2025\/05\/2025_05_07_15_09_53_405_314285.png","width":896,"height":710,"caption":"Gite en Ville"},"image":{"@id":"https:\/\/metz.giteenville.com\/#\/schema\/logo\/image\/"}}]}},"_links":{"self":[{"href":"https:\/\/metz.giteenville.com\/en\/wp-json\/wp\/v2\/pages\/3322","targetHints":{"allow":["GET"]}}],"collection":[{"href":"https:\/\/metz.giteenville.com\/en\/wp-json\/wp\/v2\/pages"}],"about":[{"href":"https:\/\/metz.giteenville.com\/en\/wp-json\/wp\/v2\/types\/page"}],"author":[{"embeddable":true,"href":"https:\/\/metz.giteenville.com\/en\/wp-json\/wp\/v2\/users\/1"}],"replies":[{"embeddable":true,"href":"https:\/\/metz.giteenville.com\/en\/wp-json\/wp\/v2\/comments?post=3322"}],"version-history":[{"count":0,"href":"https:\/\/metz.giteenville.com\/en\/wp-json\/wp\/v2\/pages\/3322\/revisions"}],"wp:attachment":[{"href":"https:\/\/metz.giteenville.com\/en\/wp-json\/wp\/v2\/media?parent=3322"}],"curies":[{"name":"wp","href":"https:\/\/api.w.org\/{rel}","templated":true}]}}