{"id":3166,"date":"2020-03-05T10:50:15","date_gmt":"2020-03-05T08:50:15","guid":{"rendered":"https:\/\/metz.giteenville.com\/homepage-2"},"modified":"2023-06-23T10:06:03","modified_gmt":"2023-06-23T08:06:03","slug":"homepage-2","status":"publish","type":"page","link":"https:\/\/metz.giteenville.com\/en","title":{"rendered":"4* Cottage in Metz &#8211; Up to 8 peoples"},"content":{"rendered":"<div class=\"wpb-content-wrapper\"><p>[vc_row][vc_column]        <div class=\"na-banners  \">\r\n            <div class=\"group-image-banner slide-border clearfix\">\r\n                                    <a href=\"https:\/\/metz.giteenville.com\/contact\" target=\"_self\" class=\"affect-border-inner\">\r\n                        <img loading=\"lazy\" decoding=\"async\" width=\"1393\" height=\"799\" src=\"https:\/\/metz.giteenville.com\/wp-content\/uploads\/2019\/06\/metz-ville2019v2.jpg\" class=\"attachment-full size-full\" alt=\"\" srcset=\"https:\/\/metz.giteenville.com\/wp-content\/uploads\/2019\/06\/metz-ville2019v2.jpg 1393w, https:\/\/metz.giteenville.com\/wp-content\/uploads\/2019\/06\/metz-ville2019v2-300x172.jpg 300w, https:\/\/metz.giteenville.com\/wp-content\/uploads\/2019\/06\/metz-ville2019v2-768x441.jpg 768w, https:\/\/metz.giteenville.com\/wp-content\/uploads\/2019\/06\/metz-ville2019v2-1024x587.jpg 1024w\" sizes=\"auto, (max-width: 1393px) 100vw, 1393px\" \/>                    <\/a>\r\n                                                <span class=\"border-mask\"><\/span>\r\n            <\/div>\r\n        <\/div>\r\n\r\n        [vc_column_text]<\/p>\n<p style=\"text-align: center;\">Whether for a business trip or a vacation, we suggest you to spend a pleasant moment in our 2 apartments. In a very green environment and ideally located geographically, you have secure parking spaces inside the property.<\/p>\n<p style=\"text-align: center;\">The area is quiet (away from traffic and city noise) while being in close proximity to all points of interest in the city. Indeed, it is located a few minutes walk from the train station, \u201cLes Ar\u00e8nes\u201d sports center, the Seille park, the congress center, the MUSE shopping center and the Pompidou Museum center.<\/p>\n<p>[\/vc_column_text][\/vc_column][\/vc_row]<\/p>\n<\/div>","protected":false},"excerpt":{"rendered":"<p>[vc_row][vc_column][vc_column_text] Whether for a business trip or a vacation, we suggest you to spend a pleasant moment in our 2 apartments. In a very green environment and ideally located geographically, you have secure parking spaces inside the property. The area is quiet (away from traffic and city noise) while being in close proximity to all &#8230;<\/p>\n","protected":false},"author":1,"featured_media":0,"parent":0,"menu_order":0,"comment_status":"closed","ping_status":"closed","template":"","meta":{"ngg_post_thumbnail":0,"footnotes":""},"class_list":["post-3166","page","type-page","status-publish","hentry"],"yoast_head":"<!-- This site is optimized with the Yoast SEO plugin v26.9 - https:\/\/yoast.com\/product\/yoast-seo-wordpress\/ -->\n<title>4* Cottage in Metz - Up to 8 peoples - Gites \/ Meubl\u00e9s de tourisme 4 \u00e9toiles \u00e0 Metz - Chemin des Vignerons - Grand Est Lorraine Moselle<\/title>\n<meta name=\"robots\" content=\"index, follow, max-snippet:-1, max-image-preview:large, max-video-preview:-1\" \/>\n<link rel=\"canonical\" href=\"https:\/\/metz.giteenville.com\/en\" \/>\n<meta property=\"og:locale\" content=\"en_US\" \/>\n<meta property=\"og:type\" content=\"article\" \/>\n<meta property=\"og:title\" content=\"4* Cottage in Metz - Up to 8 peoples - Gites \/ Meubl\u00e9s de tourisme 4 \u00e9toiles \u00e0 Metz - Chemin des Vignerons - Grand Est Lorraine Moselle\" \/>\n<meta property=\"og:description\" content=\"[vc_row][vc_column][vc_column_text] Whether for a business trip or a vacation, we suggest you to spend a pleasant moment in our 2 apartments. In a very green environment and ideally located geographically, you have secure parking spaces inside the property. The area is quiet (away from traffic and city noise) while being in close proximity to all ...\" \/>\n<meta property=\"og:url\" content=\"https:\/\/metz.giteenville.com\/en\" \/>\n<meta property=\"og:site_name\" content=\"Gites \/ Meubl\u00e9s de tourisme 4 \u00e9toiles \u00e0 Metz - Chemin des Vignerons - Grand Est Lorraine Moselle\" \/>\n<meta property=\"article:modified_time\" content=\"2023-06-23T08:06:03+00:00\" \/>\n<meta name=\"twitter:card\" content=\"summary_large_image\" \/>\n<meta name=\"twitter:label1\" content=\"Est. reading time\" \/>\n\t<meta name=\"twitter:data1\" content=\"1 minute\" \/>\n<script type=\"application\/ld+json\" class=\"yoast-schema-graph\">{\"@context\":\"https:\/\/schema.org\",\"@graph\":[{\"@type\":\"WebPage\",\"@id\":\"https:\/\/metz.giteenville.com\/en\",\"url\":\"https:\/\/metz.giteenville.com\/en\",\"name\":\"4* Cottage in Metz - Up to 8 peoples - Gites \/ Meubl\u00e9s de tourisme 4 \u00e9toiles \u00e0 Metz - Chemin des Vignerons - Grand Est Lorraine Moselle\",\"isPartOf\":{\"@id\":\"https:\/\/metz.giteenville.com\/#website\"},\"datePublished\":\"2020-03-05T08:50:15+00:00\",\"dateModified\":\"2023-06-23T08:06:03+00:00\",\"breadcrumb\":{\"@id\":\"https:\/\/metz.giteenville.com\/en#breadcrumb\"},\"inLanguage\":\"en-US\",\"potentialAction\":[{\"@type\":\"ReadAction\",\"target\":[\"https:\/\/metz.giteenville.com\/en\"]}]},{\"@type\":\"BreadcrumbList\",\"@id\":\"https:\/\/metz.giteenville.com\/en#breadcrumb\",\"itemListElement\":[{\"@type\":\"ListItem\",\"position\":1,\"name\":\"Accueil\",\"item\":\"https:\/\/metz.giteenville.com\/en\"},{\"@type\":\"ListItem\",\"position\":2,\"name\":\"4* Cottage in Metz &#8211; Up to 8 peoples\"}]},{\"@type\":\"WebSite\",\"@id\":\"https:\/\/metz.giteenville.com\/#website\",\"url\":\"https:\/\/metz.giteenville.com\/\",\"name\":\"Gites \/ Meubl\u00e9s de tourisme 4 \u00e9toiles \u00e0 Metz - Chemin des Vignerons - Grand Est Lorraine Moselle\",\"description\":\"Studio et appartement jusqu&#039;\u00e0 12 personnes\",\"publisher\":{\"@id\":\"https:\/\/metz.giteenville.com\/#organization\"},\"potentialAction\":[{\"@type\":\"SearchAction\",\"target\":{\"@type\":\"EntryPoint\",\"urlTemplate\":\"https:\/\/metz.giteenville.com\/?s={search_term_string}\"},\"query-input\":{\"@type\":\"PropertyValueSpecification\",\"valueRequired\":true,\"valueName\":\"search_term_string\"}}],\"inLanguage\":\"en-US\"},{\"@type\":\"Organization\",\"@id\":\"https:\/\/metz.giteenville.com\/#organization\",\"name\":\"Gite en Ville\",\"url\":\"https:\/\/metz.giteenville.com\/\",\"logo\":{\"@type\":\"ImageObject\",\"inLanguage\":\"en-US\",\"@id\":\"https:\/\/metz.giteenville.com\/#\/schema\/logo\/image\/\",\"url\":\"https:\/\/metz.giteenville.com\/wp-content\/uploads\/2025\/05\/2025_05_07_15_09_53_405_314285.png\",\"contentUrl\":\"https:\/\/metz.giteenville.com\/wp-content\/uploads\/2025\/05\/2025_05_07_15_09_53_405_314285.png\",\"width\":896,\"height\":710,\"caption\":\"Gite en Ville\"},\"image\":{\"@id\":\"https:\/\/metz.giteenville.com\/#\/schema\/logo\/image\/\"}}]}<\/script>\n<!-- \/ Yoast SEO plugin. -->","yoast_head_json":{"title":"4* Cottage in Metz - Up to 8 peoples - Gites \/ Meubl\u00e9s de tourisme 4 \u00e9toiles \u00e0 Metz - Chemin des Vignerons - Grand Est Lorraine Moselle","robots":{"index":"index","follow":"follow","max-snippet":"max-snippet:-1","max-image-preview":"max-image-preview:large","max-video-preview":"max-video-preview:-1"},"canonical":"https:\/\/metz.giteenville.com\/en","og_locale":"en_US","og_type":"article","og_title":"4* Cottage in Metz - Up to 8 peoples - Gites \/ Meubl\u00e9s de tourisme 4 \u00e9toiles \u00e0 Metz - Chemin des Vignerons - Grand Est Lorraine Moselle","og_description":"[vc_row][vc_column][vc_column_text] Whether for a business trip or a vacation, we suggest you to spend a pleasant moment in our 2 apartments. In a very green environment and ideally located geographically, you have secure parking spaces inside the property. The area is quiet (away from traffic and city noise) while being in close proximity to all ...","og_url":"https:\/\/metz.giteenville.com\/en","og_site_name":"Gites \/ Meubl\u00e9s de tourisme 4 \u00e9toiles \u00e0 Metz - Chemin des Vignerons - Grand Est Lorraine Moselle","article_modified_time":"2023-06-23T08:06:03+00:00","twitter_card":"summary_large_image","twitter_misc":{"Est. reading time":"1 minute"},"schema":{"@context":"https:\/\/schema.org","@graph":[{"@type":"WebPage","@id":"https:\/\/metz.giteenville.com\/en","url":"https:\/\/metz.giteenville.com\/en","name":"4* Cottage in Metz - Up to 8 peoples - Gites \/ Meubl\u00e9s de tourisme 4 \u00e9toiles \u00e0 Metz - Chemin des Vignerons - Grand Est Lorraine Moselle","isPartOf":{"@id":"https:\/\/metz.giteenville.com\/#website"},"datePublished":"2020-03-05T08:50:15+00:00","dateModified":"2023-06-23T08:06:03+00:00","breadcrumb":{"@id":"https:\/\/metz.giteenville.com\/en#breadcrumb"},"inLanguage":"en-US","potentialAction":[{"@type":"ReadAction","target":["https:\/\/metz.giteenville.com\/en"]}]},{"@type":"BreadcrumbList","@id":"https:\/\/metz.giteenville.com\/en#breadcrumb","itemListElement":[{"@type":"ListItem","position":1,"name":"Accueil","item":"https:\/\/metz.giteenville.com\/en"},{"@type":"ListItem","position":2,"name":"4* Cottage in Metz &#8211; Up to 8 peoples"}]},{"@type":"WebSite","@id":"https:\/\/metz.giteenville.com\/#website","url":"https:\/\/metz.giteenville.com\/","name":"Gites \/ Meubl\u00e9s de tourisme 4 \u00e9toiles \u00e0 Metz - Chemin des Vignerons - Grand Est Lorraine Moselle","description":"Studio et appartement jusqu&#039;\u00e0 12 personnes","publisher":{"@id":"https:\/\/metz.giteenville.com\/#organization"},"potentialAction":[{"@type":"SearchAction","target":{"@type":"EntryPoint","urlTemplate":"https:\/\/metz.giteenville.com\/?s={search_term_string}"},"query-input":{"@type":"PropertyValueSpecification","valueRequired":true,"valueName":"search_term_string"}}],"inLanguage":"en-US"},{"@type":"Organization","@id":"https:\/\/metz.giteenville.com\/#organization","name":"Gite en Ville","url":"https:\/\/metz.giteenville.com\/","logo":{"@type":"ImageObject","inLanguage":"en-US","@id":"https:\/\/metz.giteenville.com\/#\/schema\/logo\/image\/","url":"https:\/\/metz.giteenville.com\/wp-content\/uploads\/2025\/05\/2025_05_07_15_09_53_405_314285.png","contentUrl":"https:\/\/metz.giteenville.com\/wp-content\/uploads\/2025\/05\/2025_05_07_15_09_53_405_314285.png","width":896,"height":710,"caption":"Gite en Ville"},"image":{"@id":"https:\/\/metz.giteenville.com\/#\/schema\/logo\/image\/"}}]}},"_links":{"self":[{"href":"https:\/\/metz.giteenville.com\/en\/wp-json\/wp\/v2\/pages\/3166","targetHints":{"allow":["GET"]}}],"collection":[{"href":"https:\/\/metz.giteenville.com\/en\/wp-json\/wp\/v2\/pages"}],"about":[{"href":"https:\/\/metz.giteenville.com\/en\/wp-json\/wp\/v2\/types\/page"}],"author":[{"embeddable":true,"href":"https:\/\/metz.giteenville.com\/en\/wp-json\/wp\/v2\/users\/1"}],"replies":[{"embeddable":true,"href":"https:\/\/metz.giteenville.com\/en\/wp-json\/wp\/v2\/comments?post=3166"}],"version-history":[{"count":4,"href":"https:\/\/metz.giteenville.com\/en\/wp-json\/wp\/v2\/pages\/3166\/revisions"}],"predecessor-version":[{"id":3888,"href":"https:\/\/metz.giteenville.com\/en\/wp-json\/wp\/v2\/pages\/3166\/revisions\/3888"}],"wp:attachment":[{"href":"https:\/\/metz.giteenville.com\/en\/wp-json\/wp\/v2\/media?parent=3166"}],"curies":[{"name":"wp","href":"https:\/\/api.w.org\/{rel}","templated":true}]}}