{"id":2628,"date":"2019-04-26T09:48:06","date_gmt":"2019-04-26T07:48:06","guid":{"rendered":"https:\/\/metz.giteenville.com\/informations"},"modified":"2019-04-26T09:50:35","modified_gmt":"2019-04-26T07:50:35","slug":"informations","status":"publish","type":"page","link":"https:\/\/metz.giteenville.com\/en\/informations","title":{"rendered":"Informations"},"content":{"rendered":"<p><strong>Arriv\u00e9e et d\u00e9part<\/strong><\/p>\n<ul>\n<li style=\"list-style-type: none;\">\n<ul>\n<li>Arriv\u00e9e : entre 17h30 et 20h<\/li>\n<li>D\u00e9part : avant 10h30<\/li>\n<\/ul>\n<\/li>\n<\/ul>\n<p><strong>Tarif<\/strong><\/p>\n<ul>\n<li style=\"list-style-type: none;\">\n<ul>\n<li>Le prix comprend toutes les charges (eau, chauffage, \u00e9lectricit\u00e9, internet illimit\u00e9 et taxe de s\u00e9jour).<\/li>\n<li>Une caution selon le nombre d&#8217;occupants (300\u20ac min pour le we \/ 400\u20ac min pour la semaine) sera demand\u00e9e \u00e0 l&#8217;arriv\u00e9e (esp\u00e8ce)<\/li>\n<li>Vous pouvez r\u00e9server en ligne ou directement par nous en payant moins cher (nous consulter).<\/li>\n<\/ul>\n<\/li>\n<\/ul>\n<p><strong>Options Kit petit d\u00e9jeuner pour le lendemain de votre arriv\u00e9e install\u00e9 dans l&#8217;appartement<\/strong> :&nbsp;fruits de saison, confiture maison, beurre, pain tranch\u00e9, lait, jus de fruit, caf\u00e9, th\u00e9 et petites douceurs<\/p>\n<p><strong>Carte cadeau<\/strong> : Valable 1 an \u00e0 compter de la date d&#8217;achat, 1 nuit minimum (en semaine) ou 2 nuits (en week-end) sauf Juillet et&nbsp;Ao\u00fbt.<\/p>\n<p><strong><i>Forfait &#8220;ENTERREMENT DE VIE DE JEUNE FILLE \/ HOMME &#8220;<\/i><\/strong><\/p>\n<p><span style=\"font-weight: 400;\">Vous n&#8217;avez pas le temps d&#8217;organiser votre enterrement de vie de jeune fille? Nous pouvons vous donner un petit coup de main.&nbsp;&nbsp;<\/span><\/p>\n<p><span style=\"font-weight: 400;\">La prestation comprend :&nbsp;<\/span><\/p>\n<ul>\n<li style=\"font-weight: 400;\"><span style=\"font-weight: 400;\">les 2 nuits&nbsp;<\/span><\/li>\n<li style=\"font-weight: 400;\"><span style=\"font-weight: 400;\">Id\u00e9es d\u2019activit\u00e9s sur Metz&nbsp;<\/span><\/li>\n<li style=\"font-weight: 400;\"><span style=\"font-weight: 400;\">Kit petit d\u00e9jeuner pr\u00e9par\u00e9 dans l\u2019appartement pour les 2 matins&nbsp;<\/span><\/li>\n<li style=\"font-weight: 400;\"><span style=\"font-weight: 400;\">Boissons : soft, bi\u00e8res, bouteilles de vin, bouteilles de champagnes<\/span><\/li>\n<li style=\"font-weight: 400;\"><span style=\"font-weight: 400;\">Mise \u00e0 disposition d\u2019un appareil photo polaroid &nbsp;(20 photos possibles) et accessoires&nbsp;<\/span><\/li>\n<li style=\"font-weight: 400;\"><span style=\"font-weight: 400;\">Ap\u00e9ro d\u00eenatoire\/plateau charcuterie pr\u00e9vu dans l\u2019appartement pour samedi soir&nbsp;<\/span><\/li>\n<\/ul>\n<p><strong><i>Forfait &#8220;BABY SHOWER&#8221;<\/i><\/strong><\/p>\n<p><span style=\"font-weight: 400;\">Votre accouchement approche \u00e0 grands pas. Il est grand temps d&#8217;organiser une baby shower entre amies, pour f\u00eater l&#8217;arriv\u00e9e de b\u00e9b\u00e9. Nous vous proposons les prestations suivantes. <\/span><\/p>\n<p><em><span style=\"font-weight: 400;\">Prestation n\u00b01: 2 nuits (week-end)<\/span><\/em><\/p>\n<ul>\n<li style=\"list-style-type: none;\">\n<ul>\n<li style=\"font-weight: 400;\"><span style=\"font-weight: 400;\">Pr\u00e9paration par nos soins de quelques jeux&nbsp;<\/span><\/li>\n<li style=\"font-weight: 400;\"><span style=\"font-weight: 400;\">Les 2 nuits&nbsp;<\/span><\/li>\n<li style=\"font-weight: 400;\"><span style=\"font-weight: 400;\">Apero dinatoire amen\u00e9 le samedi soir par nous dans l\u2019appartement&nbsp;<\/span><\/li>\n<li style=\"font-weight: 400;\"><span style=\"font-weight: 400;\">Gateau samedi apr\u00e8s midi&nbsp;<\/span><\/li>\n<li style=\"font-weight: 400;\"><span style=\"font-weight: 400;\">Petit d\u00e9jeuner brunch samedi matin &#8211; midi&nbsp;<\/span><\/li>\n<li style=\"font-weight: 400;\"><span style=\"font-weight: 400;\">Petit d\u00e9jeuner dimanche matin&nbsp;<\/span><\/li>\n<li style=\"font-weight: 400;\"><span style=\"font-weight: 400;\">Boissons&nbsp;<\/span><\/li>\n<li style=\"font-weight: 400;\"><span style=\"font-weight: 400;\">D\u00e9coration et mat\u00e9riel pour activit\u00e9s&nbsp;<\/span><\/li>\n<li style=\"font-weight: 400;\"><span style=\"font-weight: 400;\">Mise \u00e0 disposition d\u2019un polaroid avec 20 photos possibles et accessoires&nbsp;<\/span><\/li>\n<li style=\"font-weight: 400;\"><span style=\"font-weight: 400;\">Shooting photo&nbsp;<\/span><\/li>\n<li style=\"font-weight: 400;\"><span style=\"font-weight: 400;\">Acc\u00e8s au sauna illimit\u00e9<\/span><\/li>\n<\/ul>\n<\/li>\n<\/ul>\n<p>Et d\u2019autres petites attentions !!!<\/p>\n<p><em><span style=\"font-weight: 400;\">Prestation n\u00b02: 2 nuits (week-end)<\/span><\/em><\/p>\n<ul>\n<li style=\"list-style-type: none;\">\n<ul>\n<li style=\"font-weight: 400;\"><span style=\"font-weight: 400;\">Pr\u00e9paration par nos soins de quelques jeux&nbsp;<\/span><\/li>\n<li style=\"font-weight: 400;\"><span style=\"font-weight: 400;\">Les 2 nuits&nbsp;<\/span><\/li>\n<li style=\"font-weight: 400;\"><span style=\"font-weight: 400;\">Apero dinatoire amen\u00e9 le samedi soir par nous dans l\u2019appartement&nbsp;<\/span><\/li>\n<li style=\"font-weight: 400;\"><span style=\"font-weight: 400;\">Gateau samedi apr\u00e8s midi&nbsp;<\/span><\/li>\n<li style=\"font-weight: 400;\"><span style=\"font-weight: 400;\">Petit d\u00e9jeuner brunch samedi matin &#8211; midi&nbsp;<\/span><\/li>\n<li style=\"font-weight: 400;\"><span style=\"font-weight: 400;\">Petit d\u00e9jeuner dimanche matin&nbsp;<\/span><\/li>\n<li style=\"font-weight: 400;\"><span style=\"font-weight: 400;\">Boissons&nbsp;<\/span><\/li>\n<li style=\"font-weight: 400;\"><span style=\"font-weight: 400;\">D\u00e9coration et mat\u00e9riel pour activit\u00e9s&nbsp;<\/span><\/li>\n<li style=\"font-weight: 400;\"><span style=\"font-weight: 400;\">Mise \u00e0 disposition d\u2019un polaroid avec 20 photos possibles et accessoires&nbsp;<\/span><\/li>\n<li style=\"font-weight: 400;\"><span style=\"font-weight: 400;\">Acc\u00e8s au sauna illimit\u00e9<\/span><\/li>\n<\/ul>\n<\/li>\n<\/ul>\n<p>Et d\u2019autres petites attentions !!!<\/p>\n<p><em>Prestation n\u00b03 : 1 journ\u00e9e (en semaine) de 9h30 \u00e0 19h<\/em><\/p>\n<ul>\n<li style=\"list-style-type: none;\">\n<ul>\n<li style=\"font-weight: 400;\"><span style=\"font-weight: 400;\">Pr\u00e9paration par nos soins de quelques jeux&nbsp;<\/span><\/li>\n<li style=\"font-weight: 400;\"><span style=\"font-weight: 400;\">Apero -repas pr\u00e9par\u00e9 d\u00e8s votre arriv\u00e9 dans l\u2019appartement&nbsp;<\/span><\/li>\n<li style=\"font-weight: 400;\"><span style=\"font-weight: 400;\">Gateau samedi apr\u00e8s midi&nbsp;<\/span><\/li>\n<li style=\"font-weight: 400;\"><span style=\"font-weight: 400;\">Boissons&nbsp;<\/span><\/li>\n<li style=\"font-weight: 400;\"><span style=\"font-weight: 400;\">D\u00e9coration et mat\u00e9riel pour activit\u00e9s&nbsp;<\/span><\/li>\n<li style=\"font-weight: 400;\"><span style=\"font-weight: 400;\">Mise \u00e0 disposition d\u2019un polaroid avec 20 photos possibles et accessoires&nbsp;<\/span><\/li>\n<li style=\"font-weight: 400;\"><span style=\"font-weight: 400;\">Acc\u00e8s au sauna illimit\u00e9<\/span><\/li>\n<\/ul>\n<\/li>\n<\/ul>\n<p>Et d\u2019autres petites attentions !!!<\/p>\n<p><strong><i>Forfait SAINT VALENTIN \/&nbsp;ANNIVERSAIRE DE MARIAGE<\/i><\/strong><\/p>\n<p><span style=\"font-weight: 400;\">Pour vous permettre de vous retrouver et passer un moment en amoureux, nous vous proposons un forfait qui comprend :<\/span><\/p>\n<ul>\n<li style=\"list-style-type: none;\">\n<ul>\n<li style=\"font-weight: 400;\"><span style=\"font-weight: 400;\">La nuit\u00e9 pour 2 personnes<\/span><\/li>\n<li style=\"font-weight: 400;\"><span style=\"font-weight: 400;\">des p\u00e9tales de roses dispers\u00e9es sur le lit<\/span><\/li>\n<li style=\"font-weight: 400;\"><span style=\"font-weight: 400;\">1 bouteille de champagne &nbsp;<\/span><\/li>\n<li style=\"font-weight: 400;\"><span style=\"font-weight: 400;\">le petit d\u00e9jeuner du lendemain pr\u00e9par\u00e9 la veille dans l&#8217;appartement<\/span><\/li>\n<li style=\"font-weight: 400;\"><span style=\"font-weight: 400;\">les peignoires pour l\u2019acc\u00e8s au sauna illimit\u00e9<\/span><\/li>\n<li style=\"font-weight: 400;\"><span style=\"font-weight: 400;\">l\u2019ap\u00e9ro d\u00eenatoire (\u00e0 voir avec vous) pr\u00e9par\u00e9 \u00e0 votre arriv\u00e9e<\/span><\/li>\n<\/ul>\n<\/li>\n<\/ul>\n<p>Et d\u2019autres petites attentions pour rendre votre s\u00e9jour unique !!!&nbsp;<\/p>\n<p><strong><i>Forfait NOEL<\/i><\/strong><span style=\"font-weight: 400;\"> ( 3 nuits minimum)<\/span><\/p>\n<p><span style=\"font-weight: 400;\">La prestation comprend :<\/span><\/p>\n<ul>\n<li style=\"font-weight: 400;\"><span style=\"font-weight: 400;\">mise en place d\u2019un sapin de no\u00ebl et d\u00e9corations <\/span><\/li>\n<li style=\"font-weight: 400;\"><span style=\"font-weight: 400;\">5 bouteilles de vin &#8211; &nbsp;2 bouteilles de champagnes<\/span><\/li>\n<\/ul>\n<p><strong><i>Forfait NOUVEL AN <\/i><\/strong><span style=\"font-weight: 400;\">(3 nuits minimum)<\/span><\/p>\n<p><span style=\"font-weight: 400;\">La prestation comprend : <\/span><span style=\"font-weight: 400;\">Boissons (vins, bi\u00e8res, champagne, soft)<\/span><\/p>\n<p><strong><i>Forfait WEEK-END ANNIVERSAIRE<\/i><\/strong><\/p>\n<p><span style=\"font-weight: 400;\">La prestation comprend&nbsp; : <\/span><\/p>\n<ul>\n<li><span style=\"font-weight: 400;\">des&nbsp;<\/span><span style=\"font-weight: 400;\">id\u00e9es d\u2019activit\u00e9s sur Metz <\/span><\/li>\n<li><span style=\"font-weight: 400;\">4 bouteilles de vin &#8211;&nbsp; 1 bouteille de champagnes<\/span><\/li>\n<\/ul>\n<p><strong><i>Forfait MARIAGE<\/i><\/strong><\/p>\n<p><span style=\"font-weight: 400;\">La prestation comprend&nbsp; la p<\/span><span style=\"font-weight: 400;\">rise de RDV avec esth\u00e9ticienne-maquilleuse, coiffeuse, photographe.<\/span><\/p>\n<p>&nbsp;<\/p>\n<ul>\n<li style=\"list-style-type: none;\">\n<ul>\n<li style=\"list-style-type: none;\">&nbsp;<\/li>\n<\/ul>\n<\/li>\n<\/ul>\n<p>&nbsp;<\/p>\n<p>&nbsp;<\/p>\n<p><em>&nbsp;<\/em><\/p>\n<p>&nbsp;<\/p>\n<p>&nbsp;<\/p>\n","protected":false},"excerpt":{"rendered":"<p>Arriv\u00e9e et d\u00e9part Arriv\u00e9e : entre 17h30 et 20h D\u00e9part : avant 10h30 Tarif Le prix comprend toutes les charges (eau, chauffage, \u00e9lectricit\u00e9, internet illimit\u00e9 et taxe de s\u00e9jour). Une caution selon le nombre d&#8217;occupants (300\u20ac min pour le we \/ 400\u20ac min pour la semaine) sera demand\u00e9e \u00e0 l&#8217;arriv\u00e9e (esp\u00e8ce) Vous pouvez r\u00e9server en &#8230;<\/p>\n","protected":false},"author":1,"featured_media":0,"parent":0,"menu_order":0,"comment_status":"closed","ping_status":"open","template":"","meta":{"ngg_post_thumbnail":0,"footnotes":""},"class_list":["post-2628","page","type-page","status-publish","hentry"],"yoast_head":"<!-- This site is optimized with the Yoast SEO plugin v26.9 - https:\/\/yoast.com\/product\/yoast-seo-wordpress\/ -->\n<title>Informations - Gites \/ Meubl\u00e9s de tourisme 4 \u00e9toiles \u00e0 Metz - Chemin des Vignerons - Grand Est Lorraine Moselle<\/title>\n<meta name=\"robots\" content=\"index, follow, max-snippet:-1, max-image-preview:large, max-video-preview:-1\" \/>\n<link rel=\"canonical\" href=\"https:\/\/metz.giteenville.com\/en\/informations\" \/>\n<meta property=\"og:locale\" content=\"en_US\" \/>\n<meta property=\"og:type\" content=\"article\" \/>\n<meta property=\"og:title\" content=\"Informations - Gites \/ Meubl\u00e9s de tourisme 4 \u00e9toiles \u00e0 Metz - Chemin des Vignerons - Grand Est Lorraine Moselle\" \/>\n<meta property=\"og:description\" content=\"Arriv\u00e9e et d\u00e9part Arriv\u00e9e : entre 17h30 et 20h D\u00e9part : avant 10h30 Tarif Le prix comprend toutes les charges (eau, chauffage, \u00e9lectricit\u00e9, internet illimit\u00e9 et taxe de s\u00e9jour). Une caution selon le nombre d&#8217;occupants (300\u20ac min pour le we \/ 400\u20ac min pour la semaine) sera demand\u00e9e \u00e0 l&#8217;arriv\u00e9e (esp\u00e8ce) Vous pouvez r\u00e9server en ...\" \/>\n<meta property=\"og:url\" content=\"https:\/\/metz.giteenville.com\/en\/informations\" \/>\n<meta property=\"og:site_name\" content=\"Gites \/ Meubl\u00e9s de tourisme 4 \u00e9toiles \u00e0 Metz - Chemin des Vignerons - Grand Est Lorraine Moselle\" \/>\n<meta property=\"article:modified_time\" content=\"2019-04-26T07:50:35+00:00\" \/>\n<meta name=\"twitter:card\" content=\"summary_large_image\" \/>\n<meta name=\"twitter:label1\" content=\"Est. reading time\" \/>\n\t<meta name=\"twitter:data1\" content=\"3 minutes\" \/>\n<script type=\"application\/ld+json\" class=\"yoast-schema-graph\">{\"@context\":\"https:\/\/schema.org\",\"@graph\":[{\"@type\":\"WebPage\",\"@id\":\"https:\/\/metz.giteenville.com\/en\/informations\",\"url\":\"https:\/\/metz.giteenville.com\/en\/informations\",\"name\":\"Informations - Gites \/ Meubl\u00e9s de tourisme 4 \u00e9toiles \u00e0 Metz - Chemin des Vignerons - Grand Est Lorraine Moselle\",\"isPartOf\":{\"@id\":\"https:\/\/metz.giteenville.com\/#website\"},\"datePublished\":\"2019-04-26T07:48:06+00:00\",\"dateModified\":\"2019-04-26T07:50:35+00:00\",\"breadcrumb\":{\"@id\":\"https:\/\/metz.giteenville.com\/en\/informations#breadcrumb\"},\"inLanguage\":\"en-US\",\"potentialAction\":[{\"@type\":\"ReadAction\",\"target\":[\"https:\/\/metz.giteenville.com\/en\/informations\"]}]},{\"@type\":\"BreadcrumbList\",\"@id\":\"https:\/\/metz.giteenville.com\/en\/informations#breadcrumb\",\"itemListElement\":[{\"@type\":\"ListItem\",\"position\":1,\"name\":\"Accueil\",\"item\":\"https:\/\/metz.giteenville.com\/en\"},{\"@type\":\"ListItem\",\"position\":2,\"name\":\"Informations\"}]},{\"@type\":\"WebSite\",\"@id\":\"https:\/\/metz.giteenville.com\/#website\",\"url\":\"https:\/\/metz.giteenville.com\/\",\"name\":\"Gites \/ Meubl\u00e9s de tourisme 4 \u00e9toiles \u00e0 Metz - Chemin des Vignerons - Grand Est Lorraine Moselle\",\"description\":\"Studio et appartement jusqu&#039;\u00e0 12 personnes\",\"publisher\":{\"@id\":\"https:\/\/metz.giteenville.com\/#organization\"},\"potentialAction\":[{\"@type\":\"SearchAction\",\"target\":{\"@type\":\"EntryPoint\",\"urlTemplate\":\"https:\/\/metz.giteenville.com\/?s={search_term_string}\"},\"query-input\":{\"@type\":\"PropertyValueSpecification\",\"valueRequired\":true,\"valueName\":\"search_term_string\"}}],\"inLanguage\":\"en-US\"},{\"@type\":\"Organization\",\"@id\":\"https:\/\/metz.giteenville.com\/#organization\",\"name\":\"Gite en Ville\",\"url\":\"https:\/\/metz.giteenville.com\/\",\"logo\":{\"@type\":\"ImageObject\",\"inLanguage\":\"en-US\",\"@id\":\"https:\/\/metz.giteenville.com\/#\/schema\/logo\/image\/\",\"url\":\"https:\/\/metz.giteenville.com\/wp-content\/uploads\/2025\/05\/2025_05_07_15_09_53_405_314285.png\",\"contentUrl\":\"https:\/\/metz.giteenville.com\/wp-content\/uploads\/2025\/05\/2025_05_07_15_09_53_405_314285.png\",\"width\":896,\"height\":710,\"caption\":\"Gite en Ville\"},\"image\":{\"@id\":\"https:\/\/metz.giteenville.com\/#\/schema\/logo\/image\/\"}}]}<\/script>\n<!-- \/ Yoast SEO plugin. -->","yoast_head_json":{"title":"Informations - Gites \/ Meubl\u00e9s de tourisme 4 \u00e9toiles \u00e0 Metz - Chemin des Vignerons - Grand Est Lorraine Moselle","robots":{"index":"index","follow":"follow","max-snippet":"max-snippet:-1","max-image-preview":"max-image-preview:large","max-video-preview":"max-video-preview:-1"},"canonical":"https:\/\/metz.giteenville.com\/en\/informations","og_locale":"en_US","og_type":"article","og_title":"Informations - Gites \/ Meubl\u00e9s de tourisme 4 \u00e9toiles \u00e0 Metz - Chemin des Vignerons - Grand Est Lorraine Moselle","og_description":"Arriv\u00e9e et d\u00e9part Arriv\u00e9e : entre 17h30 et 20h D\u00e9part : avant 10h30 Tarif Le prix comprend toutes les charges (eau, chauffage, \u00e9lectricit\u00e9, internet illimit\u00e9 et taxe de s\u00e9jour). Une caution selon le nombre d&#8217;occupants (300\u20ac min pour le we \/ 400\u20ac min pour la semaine) sera demand\u00e9e \u00e0 l&#8217;arriv\u00e9e (esp\u00e8ce) Vous pouvez r\u00e9server en ...","og_url":"https:\/\/metz.giteenville.com\/en\/informations","og_site_name":"Gites \/ Meubl\u00e9s de tourisme 4 \u00e9toiles \u00e0 Metz - Chemin des Vignerons - Grand Est Lorraine Moselle","article_modified_time":"2019-04-26T07:50:35+00:00","twitter_card":"summary_large_image","twitter_misc":{"Est. reading time":"3 minutes"},"schema":{"@context":"https:\/\/schema.org","@graph":[{"@type":"WebPage","@id":"https:\/\/metz.giteenville.com\/en\/informations","url":"https:\/\/metz.giteenville.com\/en\/informations","name":"Informations - Gites \/ Meubl\u00e9s de tourisme 4 \u00e9toiles \u00e0 Metz - Chemin des Vignerons - Grand Est Lorraine Moselle","isPartOf":{"@id":"https:\/\/metz.giteenville.com\/#website"},"datePublished":"2019-04-26T07:48:06+00:00","dateModified":"2019-04-26T07:50:35+00:00","breadcrumb":{"@id":"https:\/\/metz.giteenville.com\/en\/informations#breadcrumb"},"inLanguage":"en-US","potentialAction":[{"@type":"ReadAction","target":["https:\/\/metz.giteenville.com\/en\/informations"]}]},{"@type":"BreadcrumbList","@id":"https:\/\/metz.giteenville.com\/en\/informations#breadcrumb","itemListElement":[{"@type":"ListItem","position":1,"name":"Accueil","item":"https:\/\/metz.giteenville.com\/en"},{"@type":"ListItem","position":2,"name":"Informations"}]},{"@type":"WebSite","@id":"https:\/\/metz.giteenville.com\/#website","url":"https:\/\/metz.giteenville.com\/","name":"Gites \/ Meubl\u00e9s de tourisme 4 \u00e9toiles \u00e0 Metz - Chemin des Vignerons - Grand Est Lorraine Moselle","description":"Studio et appartement jusqu&#039;\u00e0 12 personnes","publisher":{"@id":"https:\/\/metz.giteenville.com\/#organization"},"potentialAction":[{"@type":"SearchAction","target":{"@type":"EntryPoint","urlTemplate":"https:\/\/metz.giteenville.com\/?s={search_term_string}"},"query-input":{"@type":"PropertyValueSpecification","valueRequired":true,"valueName":"search_term_string"}}],"inLanguage":"en-US"},{"@type":"Organization","@id":"https:\/\/metz.giteenville.com\/#organization","name":"Gite en Ville","url":"https:\/\/metz.giteenville.com\/","logo":{"@type":"ImageObject","inLanguage":"en-US","@id":"https:\/\/metz.giteenville.com\/#\/schema\/logo\/image\/","url":"https:\/\/metz.giteenville.com\/wp-content\/uploads\/2025\/05\/2025_05_07_15_09_53_405_314285.png","contentUrl":"https:\/\/metz.giteenville.com\/wp-content\/uploads\/2025\/05\/2025_05_07_15_09_53_405_314285.png","width":896,"height":710,"caption":"Gite en Ville"},"image":{"@id":"https:\/\/metz.giteenville.com\/#\/schema\/logo\/image\/"}}]}},"_links":{"self":[{"href":"https:\/\/metz.giteenville.com\/en\/wp-json\/wp\/v2\/pages\/2628","targetHints":{"allow":["GET"]}}],"collection":[{"href":"https:\/\/metz.giteenville.com\/en\/wp-json\/wp\/v2\/pages"}],"about":[{"href":"https:\/\/metz.giteenville.com\/en\/wp-json\/wp\/v2\/types\/page"}],"author":[{"embeddable":true,"href":"https:\/\/metz.giteenville.com\/en\/wp-json\/wp\/v2\/users\/1"}],"replies":[{"embeddable":true,"href":"https:\/\/metz.giteenville.com\/en\/wp-json\/wp\/v2\/comments?post=2628"}],"version-history":[{"count":1,"href":"https:\/\/metz.giteenville.com\/en\/wp-json\/wp\/v2\/pages\/2628\/revisions"}],"predecessor-version":[{"id":2726,"href":"https:\/\/metz.giteenville.com\/en\/wp-json\/wp\/v2\/pages\/2628\/revisions\/2726"}],"wp:attachment":[{"href":"https:\/\/metz.giteenville.com\/en\/wp-json\/wp\/v2\/media?parent=2628"}],"curies":[{"name":"wp","href":"https:\/\/api.w.org\/{rel}","templated":true}]}}