{"id":2492,"date":"2019-04-25T19:44:58","date_gmt":"2019-04-25T17:44:58","guid":{"rendered":"https:\/\/metz.giteenville.com\/for-your-confort"},"modified":"2019-04-25T19:44:58","modified_gmt":"2019-04-25T17:44:58","slug":"for-your-confort","status":"publish","type":"page","link":"https:\/\/metz.giteenville.com\/en\/the-metz-bnb\/for-your-confort","title":{"rendered":"For your confort"},"content":{"rendered":"<h1 style=\"text-align: center;\"><span style=\"text-decoration: underline;\">For your confort<\/span><\/h1>\n<h1 style=\"text-align: left;\"><img loading=\"lazy\" decoding=\"async\" class=\"wp-image-2497 alignleft\" src=\"https:\/\/metz.giteenville.com\/wp-content\/uploads\/2018\/07\/1-1024x576.jpg\" alt=\"\" width=\"517\" height=\"290\" srcset=\"https:\/\/metz.giteenville.com\/wp-content\/uploads\/2018\/07\/1-1024x576.jpg 1024w, https:\/\/metz.giteenville.com\/wp-content\/uploads\/2018\/07\/1-300x169.jpg 300w, https:\/\/metz.giteenville.com\/wp-content\/uploads\/2018\/07\/1-768x432.jpg 768w\" sizes=\"auto, (max-width: 517px) 100vw, 517px\" \/><\/h1>\n<p><img loading=\"lazy\" decoding=\"async\" class=\"wp-image-1545 alignright\" src=\"https:\/\/metz.giteenville.com\/wp-content\/uploads\/2013\/12\/20170304_152401-1024x576.jpg\" alt=\"20170304_152401\" width=\"523\" height=\"294\" srcset=\"https:\/\/metz.giteenville.com\/wp-content\/uploads\/2013\/12\/20170304_152401-1024x576.jpg 1024w, https:\/\/metz.giteenville.com\/wp-content\/uploads\/2013\/12\/20170304_152401-300x169.jpg 300w, https:\/\/metz.giteenville.com\/wp-content\/uploads\/2013\/12\/20170304_152401-768x432.jpg 768w\" sizes=\"auto, (max-width: 523px) 100vw, 523px\" \/><\/p>\n<p>&nbsp;<\/p>\n<h1 style=\"text-align: left;\">&nbsp;<\/h1>\n<p>&nbsp;<\/p>\n<p>unlimited Internet<\/p>\n<p>Bed linen&nbsp;and toilet&nbsp;provided<\/p>\n<p>Electric shutters<\/p>\n<p>Lighting system with intensity in every room setting. .<\/p>\n<p>Automatic lighting system when you enter the house.<\/p>\n<p>Power plate, treadmill and sauna 2 people on the ground floor<\/p>\n<p>ossibility to eat (barbecue and table, bench, chairs) and rest in the garden (chairs, hammock)<\/p>\n<p>Places outside parking on the property closed (security cameras)<\/p>\n<p>Access to laundry (washing machine, dryer)<\/p>\n<p>For babies: booster, cot (sheets and duvet)<\/p>\n<p>Tourist brochures on the ground floor<\/p>\n<p>Library in the cottage and games available upon request (poker, Monopoly, Pictionary, card games &#8230;)&nbsp;<\/p>\n","protected":false},"excerpt":{"rendered":"<p>For your confort &nbsp; &nbsp; &nbsp; unlimited Internet Bed linen&nbsp;and toilet&nbsp;provided Electric shutters Lighting system with intensity in every room setting. . Automatic lighting system when you enter the house. Power plate, treadmill and sauna 2 people on the ground floor ossibility to eat (barbecue and table, bench, chairs) and rest in the garden (chairs, &#8230;<\/p>\n","protected":false},"author":1,"featured_media":0,"parent":3281,"menu_order":0,"comment_status":"closed","ping_status":"open","template":"","meta":{"ngg_post_thumbnail":0,"footnotes":""},"class_list":["post-2492","page","type-page","status-publish","hentry"],"yoast_head":"<!-- This site is optimized with the Yoast SEO plugin v26.9 - https:\/\/yoast.com\/product\/yoast-seo-wordpress\/ -->\n<title>For your confort - Gites \/ Meubl\u00e9s de tourisme 4 \u00e9toiles \u00e0 Metz - Chemin des Vignerons - Grand Est Lorraine Moselle<\/title>\n<meta name=\"robots\" content=\"index, follow, max-snippet:-1, max-image-preview:large, max-video-preview:-1\" \/>\n<link rel=\"canonical\" href=\"https:\/\/metz.giteenville.com\/en\/the-metz-bnb\/for-your-confort\" \/>\n<meta property=\"og:locale\" content=\"en_US\" \/>\n<meta property=\"og:type\" content=\"article\" \/>\n<meta property=\"og:title\" content=\"For your confort - Gites \/ Meubl\u00e9s de tourisme 4 \u00e9toiles \u00e0 Metz - Chemin des Vignerons - Grand Est Lorraine Moselle\" \/>\n<meta property=\"og:description\" content=\"For your confort &nbsp; &nbsp; &nbsp; unlimited Internet Bed linen&nbsp;and toilet&nbsp;provided Electric shutters Lighting system with intensity in every room setting. . Automatic lighting system when you enter the house. Power plate, treadmill and sauna 2 people on the ground floor ossibility to eat (barbecue and table, bench, chairs) and rest in the garden (chairs, ...\" \/>\n<meta property=\"og:url\" content=\"https:\/\/metz.giteenville.com\/en\/the-metz-bnb\/for-your-confort\" \/>\n<meta property=\"og:site_name\" content=\"Gites \/ Meubl\u00e9s de tourisme 4 \u00e9toiles \u00e0 Metz - Chemin des Vignerons - Grand Est Lorraine Moselle\" \/>\n<meta property=\"og:image\" content=\"https:\/\/metz.giteenville.com\/wp-content\/uploads\/2018\/07\/1-1024x576.jpg\" \/>\n<meta name=\"twitter:card\" content=\"summary_large_image\" \/>\n<meta name=\"twitter:label1\" content=\"Est. reading time\" \/>\n\t<meta name=\"twitter:data1\" content=\"1 minute\" \/>\n<script type=\"application\/ld+json\" class=\"yoast-schema-graph\">{\"@context\":\"https:\/\/schema.org\",\"@graph\":[{\"@type\":\"WebPage\",\"@id\":\"https:\/\/metz.giteenville.com\/en\/the-metz-bnb\/for-your-confort\",\"url\":\"https:\/\/metz.giteenville.com\/en\/the-metz-bnb\/for-your-confort\",\"name\":\"For your confort - Gites \/ Meubl\u00e9s de tourisme 4 \u00e9toiles \u00e0 Metz - Chemin des Vignerons - Grand Est Lorraine Moselle\",\"isPartOf\":{\"@id\":\"https:\/\/metz.giteenville.com\/#website\"},\"primaryImageOfPage\":{\"@id\":\"https:\/\/metz.giteenville.com\/en\/the-metz-bnb\/for-your-confort#primaryimage\"},\"image\":{\"@id\":\"https:\/\/metz.giteenville.com\/en\/the-metz-bnb\/for-your-confort#primaryimage\"},\"thumbnailUrl\":\"https:\/\/metz.giteenville.com\/wp-content\/uploads\/2018\/07\/1-1024x576.jpg\",\"datePublished\":\"2019-04-25T17:44:58+00:00\",\"breadcrumb\":{\"@id\":\"https:\/\/metz.giteenville.com\/en\/the-metz-bnb\/for-your-confort#breadcrumb\"},\"inLanguage\":\"en-US\",\"potentialAction\":[{\"@type\":\"ReadAction\",\"target\":[\"https:\/\/metz.giteenville.com\/en\/the-metz-bnb\/for-your-confort\"]}]},{\"@type\":\"ImageObject\",\"inLanguage\":\"en-US\",\"@id\":\"https:\/\/metz.giteenville.com\/en\/the-metz-bnb\/for-your-confort#primaryimage\",\"url\":\"https:\/\/metz.giteenville.com\/wp-content\/uploads\/2018\/07\/1-1024x576.jpg\",\"contentUrl\":\"https:\/\/metz.giteenville.com\/wp-content\/uploads\/2018\/07\/1-1024x576.jpg\"},{\"@type\":\"BreadcrumbList\",\"@id\":\"https:\/\/metz.giteenville.com\/en\/the-metz-bnb\/for-your-confort#breadcrumb\",\"itemListElement\":[{\"@type\":\"ListItem\",\"position\":1,\"name\":\"Accueil\",\"item\":\"https:\/\/metz.giteenville.com\/en\"},{\"@type\":\"ListItem\",\"position\":2,\"name\":\"The Metz Bnb\",\"item\":\"https:\/\/metz.giteenville.com\/en\/the-metz-bnb\"},{\"@type\":\"ListItem\",\"position\":3,\"name\":\"For your confort\"}]},{\"@type\":\"WebSite\",\"@id\":\"https:\/\/metz.giteenville.com\/#website\",\"url\":\"https:\/\/metz.giteenville.com\/\",\"name\":\"Gites \/ Meubl\u00e9s de tourisme 4 \u00e9toiles \u00e0 Metz - Chemin des Vignerons - Grand Est Lorraine Moselle\",\"description\":\"Studio et appartement jusqu&#039;\u00e0 12 personnes\",\"publisher\":{\"@id\":\"https:\/\/metz.giteenville.com\/#organization\"},\"potentialAction\":[{\"@type\":\"SearchAction\",\"target\":{\"@type\":\"EntryPoint\",\"urlTemplate\":\"https:\/\/metz.giteenville.com\/?s={search_term_string}\"},\"query-input\":{\"@type\":\"PropertyValueSpecification\",\"valueRequired\":true,\"valueName\":\"search_term_string\"}}],\"inLanguage\":\"en-US\"},{\"@type\":\"Organization\",\"@id\":\"https:\/\/metz.giteenville.com\/#organization\",\"name\":\"Gite en Ville\",\"url\":\"https:\/\/metz.giteenville.com\/\",\"logo\":{\"@type\":\"ImageObject\",\"inLanguage\":\"en-US\",\"@id\":\"https:\/\/metz.giteenville.com\/#\/schema\/logo\/image\/\",\"url\":\"https:\/\/metz.giteenville.com\/wp-content\/uploads\/2025\/05\/2025_05_07_15_09_53_405_314285.png\",\"contentUrl\":\"https:\/\/metz.giteenville.com\/wp-content\/uploads\/2025\/05\/2025_05_07_15_09_53_405_314285.png\",\"width\":896,\"height\":710,\"caption\":\"Gite en Ville\"},\"image\":{\"@id\":\"https:\/\/metz.giteenville.com\/#\/schema\/logo\/image\/\"}}]}<\/script>\n<!-- \/ Yoast SEO plugin. -->","yoast_head_json":{"title":"For your confort - Gites \/ Meubl\u00e9s de tourisme 4 \u00e9toiles \u00e0 Metz - Chemin des Vignerons - Grand Est Lorraine Moselle","robots":{"index":"index","follow":"follow","max-snippet":"max-snippet:-1","max-image-preview":"max-image-preview:large","max-video-preview":"max-video-preview:-1"},"canonical":"https:\/\/metz.giteenville.com\/en\/the-metz-bnb\/for-your-confort","og_locale":"en_US","og_type":"article","og_title":"For your confort - Gites \/ Meubl\u00e9s de tourisme 4 \u00e9toiles \u00e0 Metz - Chemin des Vignerons - Grand Est Lorraine Moselle","og_description":"For your confort &nbsp; &nbsp; &nbsp; unlimited Internet Bed linen&nbsp;and toilet&nbsp;provided Electric shutters Lighting system with intensity in every room setting. . Automatic lighting system when you enter the house. Power plate, treadmill and sauna 2 people on the ground floor ossibility to eat (barbecue and table, bench, chairs) and rest in the garden (chairs, ...","og_url":"https:\/\/metz.giteenville.com\/en\/the-metz-bnb\/for-your-confort","og_site_name":"Gites \/ Meubl\u00e9s de tourisme 4 \u00e9toiles \u00e0 Metz - Chemin des Vignerons - Grand Est Lorraine Moselle","og_image":[{"url":"https:\/\/metz.giteenville.com\/wp-content\/uploads\/2018\/07\/1-1024x576.jpg","type":"","width":"","height":""}],"twitter_card":"summary_large_image","twitter_misc":{"Est. reading time":"1 minute"},"schema":{"@context":"https:\/\/schema.org","@graph":[{"@type":"WebPage","@id":"https:\/\/metz.giteenville.com\/en\/the-metz-bnb\/for-your-confort","url":"https:\/\/metz.giteenville.com\/en\/the-metz-bnb\/for-your-confort","name":"For your confort - Gites \/ Meubl\u00e9s de tourisme 4 \u00e9toiles \u00e0 Metz - Chemin des Vignerons - Grand Est Lorraine Moselle","isPartOf":{"@id":"https:\/\/metz.giteenville.com\/#website"},"primaryImageOfPage":{"@id":"https:\/\/metz.giteenville.com\/en\/the-metz-bnb\/for-your-confort#primaryimage"},"image":{"@id":"https:\/\/metz.giteenville.com\/en\/the-metz-bnb\/for-your-confort#primaryimage"},"thumbnailUrl":"https:\/\/metz.giteenville.com\/wp-content\/uploads\/2018\/07\/1-1024x576.jpg","datePublished":"2019-04-25T17:44:58+00:00","breadcrumb":{"@id":"https:\/\/metz.giteenville.com\/en\/the-metz-bnb\/for-your-confort#breadcrumb"},"inLanguage":"en-US","potentialAction":[{"@type":"ReadAction","target":["https:\/\/metz.giteenville.com\/en\/the-metz-bnb\/for-your-confort"]}]},{"@type":"ImageObject","inLanguage":"en-US","@id":"https:\/\/metz.giteenville.com\/en\/the-metz-bnb\/for-your-confort#primaryimage","url":"https:\/\/metz.giteenville.com\/wp-content\/uploads\/2018\/07\/1-1024x576.jpg","contentUrl":"https:\/\/metz.giteenville.com\/wp-content\/uploads\/2018\/07\/1-1024x576.jpg"},{"@type":"BreadcrumbList","@id":"https:\/\/metz.giteenville.com\/en\/the-metz-bnb\/for-your-confort#breadcrumb","itemListElement":[{"@type":"ListItem","position":1,"name":"Accueil","item":"https:\/\/metz.giteenville.com\/en"},{"@type":"ListItem","position":2,"name":"The Metz Bnb","item":"https:\/\/metz.giteenville.com\/en\/the-metz-bnb"},{"@type":"ListItem","position":3,"name":"For your confort"}]},{"@type":"WebSite","@id":"https:\/\/metz.giteenville.com\/#website","url":"https:\/\/metz.giteenville.com\/","name":"Gites \/ Meubl\u00e9s de tourisme 4 \u00e9toiles \u00e0 Metz - Chemin des Vignerons - Grand Est Lorraine Moselle","description":"Studio et appartement jusqu&#039;\u00e0 12 personnes","publisher":{"@id":"https:\/\/metz.giteenville.com\/#organization"},"potentialAction":[{"@type":"SearchAction","target":{"@type":"EntryPoint","urlTemplate":"https:\/\/metz.giteenville.com\/?s={search_term_string}"},"query-input":{"@type":"PropertyValueSpecification","valueRequired":true,"valueName":"search_term_string"}}],"inLanguage":"en-US"},{"@type":"Organization","@id":"https:\/\/metz.giteenville.com\/#organization","name":"Gite en Ville","url":"https:\/\/metz.giteenville.com\/","logo":{"@type":"ImageObject","inLanguage":"en-US","@id":"https:\/\/metz.giteenville.com\/#\/schema\/logo\/image\/","url":"https:\/\/metz.giteenville.com\/wp-content\/uploads\/2025\/05\/2025_05_07_15_09_53_405_314285.png","contentUrl":"https:\/\/metz.giteenville.com\/wp-content\/uploads\/2025\/05\/2025_05_07_15_09_53_405_314285.png","width":896,"height":710,"caption":"Gite en Ville"},"image":{"@id":"https:\/\/metz.giteenville.com\/#\/schema\/logo\/image\/"}}]}},"_links":{"self":[{"href":"https:\/\/metz.giteenville.com\/en\/wp-json\/wp\/v2\/pages\/2492","targetHints":{"allow":["GET"]}}],"collection":[{"href":"https:\/\/metz.giteenville.com\/en\/wp-json\/wp\/v2\/pages"}],"about":[{"href":"https:\/\/metz.giteenville.com\/en\/wp-json\/wp\/v2\/types\/page"}],"author":[{"embeddable":true,"href":"https:\/\/metz.giteenville.com\/en\/wp-json\/wp\/v2\/users\/1"}],"replies":[{"embeddable":true,"href":"https:\/\/metz.giteenville.com\/en\/wp-json\/wp\/v2\/comments?post=2492"}],"version-history":[{"count":0,"href":"https:\/\/metz.giteenville.com\/en\/wp-json\/wp\/v2\/pages\/2492\/revisions"}],"up":[{"embeddable":true,"href":"https:\/\/metz.giteenville.com\/en\/wp-json\/wp\/v2\/pages\/3281"}],"wp:attachment":[{"href":"https:\/\/metz.giteenville.com\/en\/wp-json\/wp\/v2\/media?parent=2492"}],"curies":[{"name":"wp","href":"https:\/\/api.w.org\/{rel}","templated":true}]}}